{"id":79,"date":"2021-04-01T16:22:59","date_gmt":"2021-04-01T14:22:59","guid":{"rendered":"http:\/\/dev.adsentis.com\/?page_id=79"},"modified":"2022-05-13T16:46:15","modified_gmt":"2022-05-13T14:46:15","slug":"contact","status":"publish","type":"page","link":"https:\/\/dev.adsentis.com\/index.php\/contact\/","title":{"rendered":"Contact"},"content":{"rendered":"\n<div style=\"height:50px\" aria-hidden=\"true\" class=\"wp-block-spacer\"><\/div>\n\n\n\n<p>Chaque situation est unique. <br>Vous souhaitez d\u00e9couvrir nos services, notre approche sur mesure pour r\u00e9pondre \u00e0 vos d\u00e9fis ? <br>Nous sommes \u00e0 votre disposition. Il n\u2019y a pas de bonne solution sans co-construction.<\/p>\n\n\n\n<p>\u00c9crivez-nous sur <a href=\"mailto:contact@adsentis.com?subject=contact%20site\">arnaud.terrisson@adsentis.com<\/a> <\/p>\n\n\n\n<p>Vous pouvez \u00e9galement nous retrouver sur <a href=\"https:\/\/www.linkedin.com\/company\/adsentis\/about\/\">Linkedin<\/a> et <a href=\"https:\/\/twitter.com\/ad_sentis\">Twitter<\/a>.<\/p>\n","protected":false},"excerpt":{"rendered":"<p>Chaque situation est unique. Vous souhaitez d\u00e9couvrir nos services, notre approche sur mesure pour r\u00e9pondre \u00e0 vos d\u00e9fis ? Nous sommes \u00e0 votre disposition. Il n\u2019y a pas de bonne<span class=\"more-button\"><a href=\"https:\/\/dev.adsentis.com\/index.php\/contact\/\" class=\"more-link \">Continue reading<span class=\"screen-reader-text\">Contact<\/span><\/a><\/span><\/p>\n","protected":false},"author":2,"featured_media":0,"parent":0,"menu_order":0,"comment_status":"closed","ping_status":"closed","template":"","meta":{"inline_featured_image":false},"_links":{"self":[{"href":"https:\/\/dev.adsentis.com\/index.php\/wp-json\/wp\/v2\/pages\/79"}],"collection":[{"href":"https:\/\/dev.adsentis.com\/index.php\/wp-json\/wp\/v2\/pages"}],"about":[{"href":"https:\/\/dev.adsentis.com\/index.php\/wp-json\/wp\/v2\/types\/page"}],"author":[{"embeddable":true,"href":"https:\/\/dev.adsentis.com\/index.php\/wp-json\/wp\/v2\/users\/2"}],"replies":[{"embeddable":true,"href":"https:\/\/dev.adsentis.com\/index.php\/wp-json\/wp\/v2\/comments?post=79"}],"version-history":[{"count":17,"href":"https:\/\/dev.adsentis.com\/index.php\/wp-json\/wp\/v2\/pages\/79\/revisions"}],"predecessor-version":[{"id":1064,"href":"https:\/\/dev.adsentis.com\/index.php\/wp-json\/wp\/v2\/pages\/79\/revisions\/1064"}],"wp:attachment":[{"href":"https:\/\/dev.adsentis.com\/index.php\/wp-json\/wp\/v2\/media?parent=79"}],"curies":[{"name":"wp","href":"https:\/\/api.w.org\/{rel}","templated":true}]}}