{"id":17,"date":"2020-07-06T14:02:53","date_gmt":"2020-07-06T12:02:53","guid":{"rendered":"http:\/\/dev.adsentis.com\/?page_id=17"},"modified":"2022-05-20T15:42:35","modified_gmt":"2022-05-20T13:42:35","slug":"test","status":"publish","type":"page","link":"https:\/\/dev.adsentis.com\/","title":{"rendered":"Manifesto"},"content":{"rendered":"\n<div class=\"wp-block-cover alignfull has-background-dim header-2022 custom-header\" style=\"background-color:#28325f\"><div class=\"wp-block-cover__inner-container\">\n<div class=\"wp-block-image\"><figure class=\"aligncenter size-large\"><img loading=\"lazy\" width=\"356\" height=\"300\" src=\"http:\/\/dev.adsentis.com\/wp-content\/uploads\/2021\/08\/logo-home-new.svg\" alt=\"\" class=\"wp-image-735\"\/><\/figure><\/div>\n\n\n\n<p style=\"font-size:1.25rem;line-height:1.25em;font-style:italic;margin-top:3rem;text-align: center;\">(latin)<br>\n<span style=\"color:#6fb9c8\">Ad <\/span>: en direction<br>\n<span style=\"color:#6fb9c8\">Sentis\/Sentire<\/span> : du sens<\/p>\n\n\n\n<a href=\"#\" class=\"scroll-down\"><span class=\"scroll-icon\"><\/span><\/a>\n<\/div><\/div>\n\n\n\n<div style=\"height:50px\" aria-hidden=\"true\" class=\"wp-block-spacer\"><\/div>\n\n\n\n<h1 class=\"has-text-align-center\">Manifesto<\/h1>\n\n\n\n<p class=\"has-text-align-center\">Notre m\u00e9tier, nous l&rsquo;envisageons comme une succession de rencontres. <\/p>\n\n\n\n<p class=\"has-text-align-center\">La rencontre d&rsquo;un besoin et d&rsquo;un savoir-faire, d&rsquo;un discours \u00e0 porter et d&rsquo;une capacit\u00e9 \u00e0 le faire entendre, ou encore d&rsquo;int\u00e9r\u00eats que l&rsquo;on peut penser irr\u00e9conciliables. <strong>Et c&rsquo;est parce que nous croyons qu&rsquo;il existe syst\u00e9matiquement un lieu de rencontre que nous travaillons \u00e0 vos c\u00f4t\u00e9s. <\/strong><\/p>\n\n\n\n<p class=\"has-text-align-center\">L&rsquo;attente des citoyens vis \u00e0 vis des institutions et des entreprises est de plus en plus forte pour r\u00e9pondre aux grands d\u00e9fis de notre temps. Cette r\u00e9alit\u00e9 peut sembler contraignante. Elle permet au contraire d&rsquo;adopter des choix strat\u00e9giques, des actions d&rsquo;influence et de communication qui prennent en compte l&rsquo;int\u00e9r\u00eat de chaque partie prenante. <\/p>\n\n\n\n<p class=\"has-text-align-center\">En r\u00e9sum\u00e9, de construire ce qui nous rassemble. <\/p>\n\n\n\n<p class=\"has-text-align-center\">Chaque sujet est unique et singulier, comme l&rsquo;est la r\u00e9ponse \u00e0 y apporter. Notre cr\u00e9do<strong> : vous \u00e9couter pour vous comprendre et mieux vous accompagner dans la construction de votre strat\u00e9gie et de votre plaidoyer<\/strong>.<\/p>\n\n\n\n<p class=\"has-text-align-center\">Enfin, pour vous garantir d&rsquo;\u00eatre les meilleurs ambassadeurs de vos projets, nous pla\u00e7ons l&rsquo;\u00e9thique au c\u0153ur de notre accompagnement. Nous ne d\u00e9fendons donc que les sujets auxquels nous croyons, quand nous sommes convaincus qu&rsquo;ils sont synonymes d&rsquo;avenir, capables de f\u00e9d\u00e9rer plut\u00f4t que diviser.  <\/p>\n\n\n\n<div style=\"height:50px\" aria-hidden=\"true\" class=\"wp-block-spacer\"><\/div>\n\n\n\n<hr class=\"wp-block-separator is-style-default\"\/>\n\n\n\n<div class=\"wp-block-group alignfull bloc-expertises has-white-color has-text-color has-background\" style=\"background-color:#28325f\"><div class=\"wp-block-group__inner-container\">\n<h1 class=\"has-text-align-center\">Nos expertises<\/h1>\n\n\n\n<p class=\"has-text-align-center\" style=\"font-size:22px\"><em>Pour accompagner votre r\u00e9flexion strat\u00e9gique.<\/em><\/p>\n\n\n\n<p class=\"has-text-align-center\" style=\"font-size:22px\"><em>Pour d\u00e9finir vos messages et les porter.<\/em><\/p>\n\n\n\n<p class=\"has-text-align-center\" style=\"font-size:22px\"><em>Pour mettre en place une strat\u00e9gie d&rsquo;influence.<\/em><\/p>\n\n\n\n<p class=\"has-text-align-center\" style=\"font-size:22px\"><em>Pour prendre la parole dans les m\u00e9dias ou pour g\u00e9rer une communication sensible.<\/em><\/p>\n\n\n\n<p class=\"has-text-align-center\" style=\"font-size:22px\"><em>AdSentis est \u00e0 vos c\u00f4t\u00e9s pour accompagner tous les sujets clefs de votre organisation.<\/em><\/p>\n<\/div><\/div>\n\n\n\n<div style=\"height:65px\" aria-hidden=\"true\" class=\"wp-block-spacer\"><\/div>\n\n\n\n<h1 class=\"has-text-align-center h1-small has-baked-color has-text-color\">Qui sommes-nous ?<\/h1>\n\n\n\n<div style=\"height:53px\" aria-hidden=\"true\" class=\"wp-block-spacer\"><\/div>\n\n\n\n<div class=\"wp-block-columns alignwide\">\n<div class=\"wp-block-column\" style=\"flex-basis:33.3%\">\n<div class=\"wp-block-image is-equipe\"><figure class=\"aligncenter size-large is-resized\"><img loading=\"lazy\" src=\"http:\/\/dev.adsentis.com\/wp-content\/uploads\/2021\/04\/ARNAUDSITE-1024x1024.png\" alt=\"\" class=\"wp-image-258\" width=\"303\" height=\"303\" srcset=\"https:\/\/dev.adsentis.com\/wp-content\/uploads\/2021\/04\/ARNAUDSITE-1024x1024.png 1024w, https:\/\/dev.adsentis.com\/wp-content\/uploads\/2021\/04\/ARNAUDSITE-300x300.png 300w, https:\/\/dev.adsentis.com\/wp-content\/uploads\/2021\/04\/ARNAUDSITE-150x150.png 150w, https:\/\/dev.adsentis.com\/wp-content\/uploads\/2021\/04\/ARNAUDSITE-768x768.png 768w, https:\/\/dev.adsentis.com\/wp-content\/uploads\/2021\/04\/ARNAUDSITE.png 1080w\" sizes=\"(max-width: 303px) 100vw, 303px\" \/><figcaption>Arnaud Terrisson<\/figcaption><\/figure><\/div>\n\n\n\n<p><\/p>\n<\/div>\n\n\n\n<div class=\"wp-block-column\">\n<h3>Arnaud Terrrison<\/h3>\n\n\n\n<p>Fondateur d\u2019AdSentis, j\u2019ai auparavant travaill\u00e9 comme Directeur conseil au sein de CLAI, \u00e9lue \u00ab agence d\u2019influence de l\u2019ann\u00e9e \u00bb et comme responsable de la communication et des affaires publiques de Vin &amp; Soci\u00e9t\u00e9, qui rassemble les 500 000 acteurs de la vigne et du vin en France. <\/p>\n\n\n\n<p>J\u2019accompagne mes clients sur des missions de communication <em>corporate, <\/em>d\u2019affaires publiques, de relations m\u00e9dias et de communication de crise. A titre d&rsquo;exemple, j&rsquo;ai eu la chance de travailler aux c\u00f4t\u00e9s de clients comme AESIO et la MAIF (mutuelles), BlackRock (leader mondial de la gestion d&rsquo;actifs), Amazon, BPI France le Lab, Les \u00ab\u00a0Maison de la Presse\u00a0\u00bb, le laboratoire Lilly.<\/p>\n\n\n\n<p>Dipl\u00f4m\u00e9 de Sciences Po Aix, je partage aujourd&rsquo;hui avec les \u00e9tudiants de Master 1 en communication et journalisme de l&rsquo;IEP mon exp\u00e9rience des m\u00e9tiers de l&rsquo;influence. <\/p>\n<\/div>\n<\/div>\n\n\n\n<div style=\"height:74px\" aria-hidden=\"true\" class=\"wp-block-spacer\"><\/div>\n\n\n\n<div class=\"wp-block-columns alignwide\">\n<div class=\"wp-block-column\">\n<h3>Th\u00e9o Mazars<\/h3>\n\n\n\n<p>Directeur de publication du mook sport et soci\u00e9t\u00e9 Caviar, j&rsquo;ai rejoint AdSentis en 2020, en tant que consultant et&nbsp;graphiste.&nbsp;<\/p>\n\n\n\n<p>Sp\u00e9cialis\u00e9 dans l&rsquo;univers du sport et de la culture,  je dirige l&rsquo;offre graphique et design de l&rsquo;agence. De l&rsquo;identit\u00e9 graphique \u00e0 la r\u00e9alisation de projets \u00e9ditoriaux, j&rsquo;accompagne nos clients dans la mise en forme de leurs id\u00e9es et la construction ou le renouvellement de leur image.<\/p>\n<\/div>\n\n\n\n<div class=\"wp-block-column\" style=\"flex-basis:33.3%\">\n<div class=\"wp-block-image is-equipe\"><figure class=\"aligncenter size-large is-resized\"><img loading=\"lazy\" src=\"http:\/\/dev.adsentis.com\/wp-content\/uploads\/2021\/09\/tm.svg\" alt=\"\" class=\"wp-image-945\" width=\"296\" height=\"296\"\/><figcaption>Th\u00e9o Mazars<\/figcaption><\/figure><\/div>\n<\/div>\n<\/div>\n\n\n\n<div class=\"wp-block-group alignfull bloc-expertises has-white-color has-text-color has-background\" style=\"background-color:#28325f\"><div class=\"wp-block-group__inner-container\">\n<h3 class=\"has-text-align-center\">Notre accompagnement vu par&nbsp;nos clients, d\u2019hier et d\u2019aujourd\u2019hui<\/h3>\n\n\n\n<div style=\"height:48px\" aria-hidden=\"true\" class=\"wp-block-spacer\"><\/div>\n\n\n\n<\/div><\/div>\n","protected":false},"excerpt":{"rendered":"<p>Manifesto Notre m\u00e9tier, nous l&rsquo;envisageons comme une succession de rencontres. La rencontre d&rsquo;un besoin et d&rsquo;un savoir-faire, d&rsquo;un discours \u00e0 porter et d&rsquo;une capacit\u00e9 \u00e0 le faire entendre, ou encore<span class=\"more-button\"><a href=\"https:\/\/dev.adsentis.com\/\" class=\"more-link \">Continue reading<span class=\"screen-reader-text\">Manifesto<\/span><\/a><\/span><\/p>\n","protected":false},"author":1,"featured_media":0,"parent":0,"menu_order":0,"comment_status":"closed","ping_status":"closed","template":"templates\/no-sidebar.php","meta":{"inline_featured_image":false},"_links":{"self":[{"href":"https:\/\/dev.adsentis.com\/index.php\/wp-json\/wp\/v2\/pages\/17"}],"collection":[{"href":"https:\/\/dev.adsentis.com\/index.php\/wp-json\/wp\/v2\/pages"}],"about":[{"href":"https:\/\/dev.adsentis.com\/index.php\/wp-json\/wp\/v2\/types\/page"}],"author":[{"embeddable":true,"href":"https:\/\/dev.adsentis.com\/index.php\/wp-json\/wp\/v2\/users\/1"}],"replies":[{"embeddable":true,"href":"https:\/\/dev.adsentis.com\/index.php\/wp-json\/wp\/v2\/comments?post=17"}],"version-history":[{"count":89,"href":"https:\/\/dev.adsentis.com\/index.php\/wp-json\/wp\/v2\/pages\/17\/revisions"}],"predecessor-version":[{"id":1129,"href":"https:\/\/dev.adsentis.com\/index.php\/wp-json\/wp\/v2\/pages\/17\/revisions\/1129"}],"wp:attachment":[{"href":"https:\/\/dev.adsentis.com\/index.php\/wp-json\/wp\/v2\/media?parent=17"}],"curies":[{"name":"wp","href":"https:\/\/api.w.org\/{rel}","templated":true}]}}