{"id":16,"date":"2020-07-06T14:02:53","date_gmt":"2020-07-06T12:02:53","guid":{"rendered":"http:\/\/dev.adsentis.com\/?page_id=16"},"modified":"2022-05-13T16:46:15","modified_gmt":"2022-05-13T14:46:15","slug":"home","status":"publish","type":"page","link":"https:\/\/dev.adsentis.com\/index.php\/home\/","title":{"rendered":"Notre m\u00e9thode"},"content":{"rendered":"\n<blockquote class=\"wp-block-quote is-style-large\"><p>Communiquer, c\u2019est un m\u00e9tier.<br>Pour ne pas se tromper, <br>autant le faire avec m\u00e9thode.<\/p><\/blockquote>\n\n\n\n<div style=\"height:20px\" aria-hidden=\"true\" class=\"wp-block-spacer\"><\/div>\n\n\n\n<figure class=\"wp-block-image alignfull size-large\"><img loading=\"lazy\" width=\"1500\" height=\"850\" src=\"http:\/\/dev.adsentis.com\/wp-content\/uploads\/2021\/08\/notre-methode-1.svg\" alt=\"\" class=\"wp-image-923\"\/><\/figure>\n\n\n\n<div style=\"height:41px\" aria-hidden=\"true\" class=\"wp-block-spacer\"><\/div>\n\n\n\n<div class=\"wp-block-columns\">\n<div class=\"wp-block-column is-vertically-aligned-center\" style=\"flex-basis:33.33%\">\n<div class=\"wp-block-image\"><figure class=\"aligncenter size-large\"><img loading=\"lazy\" width=\"300\" height=\"300\" src=\"http:\/\/dev.adsentis.com\/wp-content\/uploads\/2021\/08\/cartographie.svg\" alt=\"\" class=\"wp-image-676\"\/><\/figure><\/div>\n<\/div>\n\n\n\n<div class=\"wp-block-column\" style=\"flex-basis:66.66%\">\n<h3 class=\"has-text-align-right\">Cartographie et prises de position des parties prenantes<\/h3>\n\n\n\n<p class=\"has-text-align-right\">Pour d\u00e9finir une strat\u00e9gie efficace, il faut conna\u00eetre les alli\u00e9s, les concurrents et les d\u00e9tracteurs du sujet que vous portez. Pour ce faire, nous r\u00e9alisons une cartographie minutieuse &#8211; et en constante \u00e9volution &#8211; des acteurs en pr\u00e9sence. <\/p>\n<\/div>\n<\/div>\n\n\n\n<div class=\"wp-block-columns img-droite\">\n<div class=\"wp-block-column\" style=\"flex-basis:66.66%\">\n<div class=\"wp-block-group\"><div class=\"wp-block-group__inner-container\">\n<h3>Monitoring Media et r\u00e9seaux sociaux<\/h3>\n\n\n\n<p>Quelle est votre image dans les m\u00e9dias ? Que dit-on de vous sur les r\u00e9seaux sociaux ? Veiller en temps r\u00e9el les prises de parole sur l&rsquo;entreprise ou l&rsquo;institution que vous repr\u00e9sentez est un outil pr\u00e9cieux pour \u00e9clairer la construction de votre plan d&rsquo;action. <\/p>\n<\/div><\/div>\n\n\n\n<p><\/p>\n<\/div>\n\n\n\n<div class=\"wp-block-column\" style=\"flex-basis:33.33%\">\n<div class=\"wp-block-image\"><figure class=\"aligncenter size-full\"><img loading=\"lazy\" width=\"300\" height=\"300\" src=\"http:\/\/dev.adsentis.com\/wp-content\/uploads\/2021\/08\/Monitoring.svg\" alt=\"\" class=\"wp-image-679\"\/><\/figure><\/div>\n\n\n\n<p><\/p>\n<\/div>\n<\/div>\n\n\n\n<div class=\"wp-block-columns\">\n<div class=\"wp-block-column\" style=\"flex-basis:33.3%\">\n<figure class=\"wp-block-image size-full\"><img loading=\"lazy\" width=\"300\" height=\"300\" src=\"http:\/\/dev.adsentis.com\/wp-content\/uploads\/2021\/08\/veille.svg\" alt=\"\" class=\"wp-image-681\"\/><\/figure>\n<\/div>\n\n\n\n<div class=\"wp-block-column\" style=\"flex-basis:66.6%\">\n<h3 class=\"has-text-align-right\">Veille l\u00e9gislative et des tendances d&rsquo;opinion<\/h3>\n\n\n\n<p class=\"has-text-align-right\">  Nous suivons au quotidien l&rsquo;\u00e9volution du  cadre l\u00e9gislatif pour saisir les opportunit\u00e9s ou pr\u00e9venir les difficult\u00e9s que vous pourriez rencontrer. Et pour mieux vous accompagner, nous analysons \u00e0 vos c\u00f4t\u00e9s l&rsquo;opinion publique, ou interrogeons les fran\u00e7ais sur les sujets de soci\u00e9t\u00e9 qui vous concernent (sondages, barom\u00e8tres, \u00e9tudes).<\/p>\n\n\n\n<p><\/p>\n<\/div>\n<\/div>\n\n\n\n<div class=\"wp-block-columns img-droite\">\n<div class=\"wp-block-column\" style=\"flex-basis:66.66%\">\n<h3>Analyse du positionnement <br>des concurrents<\/h3>\n\n\n\n<p>Quels sont les \u00e9l\u00e9ments qui vous diff\u00e9rencient ? <br>Nous analysons vos forces et celles de vos concurrents pour \u00e9clairer vos d\u00e9cisions strat\u00e9giques.<\/p>\n<\/div>\n\n\n\n<div class=\"wp-block-column\" style=\"flex-basis:33.33%\">\n<figure class=\"wp-block-image size-full\"><img loading=\"lazy\" width=\"300\" height=\"300\" src=\"http:\/\/dev.adsentis.com\/wp-content\/uploads\/2021\/08\/analysedupositionnementdesconcurrents.svg\" alt=\"\" class=\"wp-image-675\"\/><\/figure>\n\n\n\n<p><\/p>\n<\/div>\n<\/div>\n\n\n\n<div class=\"wp-block-columns\">\n<div class=\"wp-block-column\" style=\"flex-basis:33.33%\">\n<figure class=\"wp-block-image size-full\"><img loading=\"lazy\" width=\"300\" height=\"300\" src=\"http:\/\/dev.adsentis.com\/wp-content\/uploads\/2021\/08\/definitionraisonde\u0302tre.svg\" alt=\"\" class=\"wp-image-677\"\/><\/figure>\n\n\n\n<p><\/p>\n<\/div>\n\n\n\n<div class=\"wp-block-column\" style=\"flex-basis:66.66%\">\n<h3 class=\"has-text-align-right\">  D\u00e9finition de votre raison d&rsquo;\u00eatre et cr\u00e9ation de vos \u00e9l\u00e9ments de discours<\/h3>\n\n\n\n<p>Les citoyens, \u00e0 raison,  sont de plus en plus exigeants avec les entreprises et les institutions. Ils interrogent votre mission, l&rsquo;impact que vous avez sur la soci\u00e9t\u00e9. Nous vous accompagnons pour d\u00e9finir votre raison d&rsquo;\u00eatre. <br>D\u00e9passer l&rsquo;int\u00e9r\u00eat particulier, f\u00e9d\u00e9rer des alli\u00e9s, donner du sens \u00e0 votre action, c&rsquo;est le c\u0153ur de notre m\u00e9tier. <\/p>\n<\/div>\n<\/div>\n\n\n\n<div class=\"wp-block-columns img-droite\">\n<div class=\"wp-block-column\" style=\"flex-basis:66.66%\">\n<h3>Mise en place d&rsquo;un plan d&rsquo;action<\/h3>\n\n\n\n<p>Une fois votre raison d&rsquo;\u00eatre d\u00e9finie, vos \u00e9l\u00e9ments de discours \u00e9tablis, il ne reste plus qu&rsquo;\u00e0 d\u00e9finir un plan d&rsquo;action. Faire entendre votre voix, rallier des acteurs \u00e0 votre cause, faire la promotion de vos id\u00e9es et en assurer la d\u00e9fense&#8230; Quel que soit votre besoin, aucun plan d&rsquo;action n&rsquo;est impossible si les bases sont bien pos\u00e9es.<\/p>\n<\/div>\n\n\n\n<div class=\"wp-block-column\" style=\"flex-basis:33.33%\">\n<figure class=\"wp-block-image size-full size-large\"><img loading=\"lazy\" width=\"300\" height=\"300\" src=\"http:\/\/dev.adsentis.com\/wp-content\/uploads\/2021\/08\/plandaction.svg\" alt=\"\" class=\"wp-image-680\"\/><\/figure>\n<\/div>\n<\/div>\n\n\n\n<div class=\"wp-block-columns\">\n<div class=\"wp-block-column\" style=\"flex-basis:33.33%\">\n<figure class=\"wp-block-image size-full\"><img loading=\"lazy\" width=\"300\" height=\"300\" src=\"http:\/\/dev.adsentis.com\/wp-content\/uploads\/2021\/08\/evaluationdesactionslance\u0301es.svg\" alt=\"\" class=\"wp-image-678\"\/><\/figure>\n<\/div>\n\n\n\n<div class=\"wp-block-column\" style=\"flex-basis:66.66%\">\n<h3 class=\"has-text-align-right\">\u00c9valuation r\u00e9guli\u00e8re des actions lanc\u00e9es<\/h3>\n\n\n\n<p class=\"has-text-align-right\">Pour \u00eatre s\u00fbrs que nous allons dans la bonne direction, nous \u00e9valuons r\u00e9guli\u00e8rement l&rsquo;impact des actions en cours. L&rsquo;objectif est-il atteint ? Si oui, peut-on passer \u00e0 la prochaine \u00e9tape ? Et si non, pourquoi cela n&rsquo;a pas march\u00e9 et quelle alternative proposer ? <\/p>\n<\/div>\n<\/div>\n\n\n\n<div class=\"wp-block-columns img-droite\">\n<div class=\"wp-block-column\" style=\"flex-basis:66.66%\">\n<h3 class=\"has-text-align-left\">Accompagnement graphique et <br>cr\u00e9ation de supports visuels<\/h3>\n\n\n\n<p class=\"has-text-align-left\">Parce qu&rsquo;une bonne image vaut souvent mieux qu&rsquo;un long discours, <br>nous attachons une grande importance au design et au graphisme <br>qui soutiennent vos id\u00e9es.<br><\/p>\n<\/div>\n\n\n\n<div class=\"wp-block-column\" style=\"flex-basis:33.33%\">\n<div class=\"wp-block-image\"><figure class=\"aligncenter size-large\"><img loading=\"lazy\" width=\"300\" height=\"300\" src=\"http:\/\/dev.adsentis.com\/wp-content\/uploads\/2021\/08\/accompagnement-graphique.png\" alt=\"\" class=\"wp-image-575\" srcset=\"https:\/\/dev.adsentis.com\/wp-content\/uploads\/2021\/08\/accompagnement-graphique.png 300w, https:\/\/dev.adsentis.com\/wp-content\/uploads\/2021\/08\/accompagnement-graphique-150x150.png 150w\" sizes=\"(max-width: 300px) 100vw, 300px\" \/><\/figure><\/div>\n<\/div>\n<\/div>\n","protected":false},"excerpt":{"rendered":"<p>Communiquer, c\u2019est un m\u00e9tier.Pour ne pas se tromper, autant le faire avec m\u00e9thode. Cartographie et prises de position des parties prenantes Pour d\u00e9finir une strat\u00e9gie efficace, il faut conna\u00eetre les<span class=\"more-button\"><a href=\"https:\/\/dev.adsentis.com\/index.php\/home\/\" class=\"more-link \">Continue reading<span class=\"screen-reader-text\">Notre m\u00e9thode<\/span><\/a><\/span><\/p>\n","protected":false},"author":1,"featured_media":0,"parent":0,"menu_order":0,"comment_status":"closed","ping_status":"closed","template":"","meta":{"inline_featured_image":false},"_links":{"self":[{"href":"https:\/\/dev.adsentis.com\/index.php\/wp-json\/wp\/v2\/pages\/16"}],"collection":[{"href":"https:\/\/dev.adsentis.com\/index.php\/wp-json\/wp\/v2\/pages"}],"about":[{"href":"https:\/\/dev.adsentis.com\/index.php\/wp-json\/wp\/v2\/types\/page"}],"author":[{"embeddable":true,"href":"https:\/\/dev.adsentis.com\/index.php\/wp-json\/wp\/v2\/users\/1"}],"replies":[{"embeddable":true,"href":"https:\/\/dev.adsentis.com\/index.php\/wp-json\/wp\/v2\/comments?post=16"}],"version-history":[{"count":50,"href":"https:\/\/dev.adsentis.com\/index.php\/wp-json\/wp\/v2\/pages\/16\/revisions"}],"predecessor-version":[{"id":1068,"href":"https:\/\/dev.adsentis.com\/index.php\/wp-json\/wp\/v2\/pages\/16\/revisions\/1068"}],"wp:attachment":[{"href":"https:\/\/dev.adsentis.com\/index.php\/wp-json\/wp\/v2\/media?parent=16"}],"curies":[{"name":"wp","href":"https:\/\/api.w.org\/{rel}","templated":true}]}}